{"id":3158,"date":"2025-09-26T11:20:07","date_gmt":"2025-09-26T17:20:07","guid":{"rendered":"https:\/\/hotelentrelunas.com\/?page_id=3158"},"modified":"2026-01-29T13:08:43","modified_gmt":"2026-01-29T19:08:43","slug":"day-pass","status":"publish","type":"page","link":"https:\/\/hotelentrelunas.com\/?page_id=3158","title":{"rendered":"Day Pass"},"content":{"rendered":"\t\t<div data-elementor-type=\"wp-page\" data-elementor-id=\"3158\" class=\"elementor elementor-3158\" data-elementor-post-type=\"page\">\n\t\t\t\t<div class=\"elementor-element elementor-element-777f1079 e-con-full e-flex elementor-invisible e-con e-parent\" data-id=\"777f1079\" data-element_type=\"container\" data-settings=\"{&quot;animation&quot;:&quot;fadeInDown&quot;,&quot;animation_mobile&quot;:&quot;fadeInDown&quot;}\">\n\t\t\t\t<div class=\"elementor-element elementor-element-1922a1ac elementor--h-position-center elementor--v-position-middle elementor-arrows-position-inside elementor-pagination-position-inside elementor-widget elementor-widget-slides\" data-id=\"1922a1ac\" data-element_type=\"widget\" data-settings=\"{&quot;navigation&quot;:&quot;both&quot;,&quot;autoplay&quot;:&quot;yes&quot;,&quot;pause_on_hover&quot;:&quot;yes&quot;,&quot;pause_on_interaction&quot;:&quot;yes&quot;,&quot;autoplay_speed&quot;:5000,&quot;infinite&quot;:&quot;yes&quot;,&quot;transition&quot;:&quot;slide&quot;,&quot;transition_speed&quot;:500}\" data-widget_type=\"slides.default\">\n\t\t\t\t<div class=\"elementor-widget-container\">\n\t\t\t\t\t\t\t\t\t<div class=\"elementor-swiper\">\n\t\t\t\t\t<div class=\"elementor-slides-wrapper elementor-main-swiper swiper\" role=\"region\" aria-roledescription=\"carousel\" aria-label=\"Diapositivas\" dir=\"ltr\" data-animation=\"fadeInUp\">\n\t\t\t\t<div class=\"swiper-wrapper elementor-slides\">\n\t\t\t\t\t\t\t\t\t\t<div class=\"elementor-repeater-item-d3301e7 swiper-slide\" role=\"group\" aria-roledescription=\"slide\"><div class=\"swiper-slide-bg\" role=\"img\" aria-label=\"\"><\/div><div class=\"swiper-slide-inner\" ><div class=\"swiper-slide-contents\"><\/div><\/div><\/div><div class=\"elementor-repeater-item-6dc32f8 swiper-slide\" role=\"group\" aria-roledescription=\"slide\"><div class=\"swiper-slide-bg\" role=\"img\" aria-label=\"\"><\/div><div class=\"swiper-slide-inner\" ><div class=\"swiper-slide-contents\"><\/div><\/div><\/div><div class=\"elementor-repeater-item-a8246e2 swiper-slide\" role=\"group\" aria-roledescription=\"slide\"><div class=\"swiper-slide-bg\" role=\"img\" aria-label=\"\"><\/div><div class=\"swiper-slide-inner\" ><div class=\"swiper-slide-contents\"><\/div><\/div><\/div>\t\t\t\t<\/div>\n\t\t\t\t\t\t\t\t\t\t\t\t\t\t\t<div class=\"elementor-swiper-button elementor-swiper-button-prev\" role=\"button\" tabindex=\"0\" aria-label=\"Diapositiva anterior\">\n\t\t\t\t\t\t\t<svg aria-hidden=\"true\" class=\"e-font-icon-svg e-eicon-chevron-left\" viewBox=\"0 0 1000 1000\" xmlns=\"http:\/\/www.w3.org\/2000\/svg\"><path d=\"M646 125C629 125 613 133 604 142L308 442C296 454 292 471 292 487 292 504 296 521 308 533L604 854C617 867 629 875 646 875 663 875 679 871 692 858 704 846 713 829 713 812 713 796 708 779 692 767L438 487 692 225C700 217 708 204 708 187 708 171 704 154 692 142 675 129 663 125 646 125Z\"><\/path><\/svg>\t\t\t\t\t\t<\/div>\n\t\t\t\t\t\t<div class=\"elementor-swiper-button elementor-swiper-button-next\" role=\"button\" tabindex=\"0\" aria-label=\"Diapositiva siguiente\">\n\t\t\t\t\t\t\t<svg aria-hidden=\"true\" class=\"e-font-icon-svg e-eicon-chevron-right\" viewBox=\"0 0 1000 1000\" xmlns=\"http:\/\/www.w3.org\/2000\/svg\"><path d=\"M696 533C708 521 713 504 713 487 713 471 708 454 696 446L400 146C388 133 375 125 354 125 338 125 325 129 313 142 300 154 292 171 292 187 292 204 296 221 308 233L563 492 304 771C292 783 288 800 288 817 288 833 296 850 308 863 321 871 338 875 354 875 371 875 388 867 400 854L696 533Z\"><\/path><\/svg>\t\t\t\t\t\t<\/div>\n\t\t\t\t\t\t\t\t\t\t\t\t\t\t\t\t<div class=\"swiper-pagination\"><\/div>\n\t\t\t\t\t\t\t\t\t\t\t\t<\/div>\n\t\t\t\t<\/div>\n\t\t\t\t\t\t\t\t<\/div>\n\t\t\t\t<\/div>\n\t\t\t\t<\/div>\n\t\t<div class=\"elementor-element elementor-element-a785402 e-flex e-con-boxed e-con e-parent\" data-id=\"a785402\" data-element_type=\"container\">\n\t\t\t\t\t<div class=\"e-con-inner\">\n\t\t\t\t<div class=\"elementor-element elementor-element-8caf971 elementor-view-default elementor-invisible elementor-widget elementor-widget-icon\" data-id=\"8caf971\" data-element_type=\"widget\" data-settings=\"{&quot;_animation&quot;:&quot;fadeInDown&quot;}\" data-widget_type=\"icon.default\">\n\t\t\t\t<div class=\"elementor-widget-container\">\n\t\t\t\t\t\t\t<div class=\"elementor-icon-wrapper\">\n\t\t\t<div class=\"elementor-icon\">\n\t\t\t<svg xmlns=\"http:\/\/www.w3.org\/2000\/svg\" id=\"Capa_2\" data-name=\"Capa 2\" viewBox=\"0 0 41.8 48\"><defs><style>      .cls-1 {        fill: #1a171b;      }    <\/style><\/defs><g id=\"Pagina_inicio_seccion_1\" data-name=\"Pagina inicio seccion 1\"><g><path class=\"cls-1\" d=\"m30.72,20.74c-.33-4.94,4.6-6.58,4.81-6.65.34-.11.55-.45.5-.8-.05-.35-.36-.62-.72-.62H6.49c-.36,0-.66.26-.72.62-.05.35.16.7.5.8.21.07,5.13,1.69,4.81,6.64C4.5,24.25,0,31.18,0,39.15c0,2.92.59,5.76,1.76,8.41.12.26.38.43.67.43h36.95c.29,0,.55-.17.67-.43,1.17-2.66,1.76-5.49,1.76-8.41,0-7.97-4.5-14.89-11.08-18.42Zm-21.38-6.62h23.12c-1.58,1.18-3.29,3.18-3.23,6.3H12.57c.06-3.12-1.64-5.12-3.23-6.3Zm11.57,26.07c-.4,0-.73.33-.73.73v1.77c-1.23-.19-2.08-.77-2.33-1.63-.22-.76.08-1.58.73-1.99,1.55-.98,2.18-2.03,2.54-3.6,1.12,1.09,2.6,2.83,2.85,4.41.1.62.11,1.48-.4,2.07-.39.46-1.05.71-1.95.79v-1.82c0-.4-.33-.73-.73-.73Zm.73,6.36v-2.35c1.36-.09,2.39-.53,3.06-1.31.69-.81.94-1.93.73-3.25-.5-3.09-4.17-6.03-4.32-6.15-.2-.16-.48-.2-.72-.11-.24.1-.41.32-.45.57-.31,2.22-.75,3.02-2.11,3.88-1.19.76-1.75,2.25-1.35,3.63.43,1.49,1.8,2.46,3.73,2.7v2.39h-10.54c-.56-1.41-.84-2.9-.84-4.43,0-6.67,5.42-12.09,12.09-12.09s12.09,5.42,12.09,12.09c0,1.53-.28,3.02-.84,4.43h-10.51Zm17.25,0h-5.2c.49-1.42.75-2.9.75-4.43,0-7.47-6.08-13.54-13.54-13.54s-13.54,6.08-13.54,13.54c0,1.53.26,3.01.75,4.43H2.91c-.97-2.34-1.45-4.83-1.45-7.39,0-7.52,4.3-14.04,10.56-17.28h17.75c6.28,3.23,10.59,9.75,10.59,17.28,0,2.56-.49,5.05-1.45,7.39Z\"><\/path><path class=\"cls-1\" d=\"m20.48,7.35c-.26.31-.22.76.08,1.02.14.12.3.17.47.17.21,0,.41-.09.55-.26,1.07-1.26,1.07-3.23,0-4.49-.6-.71-.6-1.9,0-2.6.26-.31.22-.76-.08-1.03-.31-.26-.77-.22-1.02.08-1.07,1.26-1.07,3.23,0,4.49.6.71.6,1.9,0,2.61Z\"><\/path><path class=\"cls-1\" d=\"m13.75,9.72c-.26.3-.22.76.08,1.02.14.12.3.17.47.17.21,0,.41-.09.55-.26,1.07-1.26,1.07-3.23,0-4.49-.6-.71-.6-1.9,0-2.6.26-.31.22-.76-.08-1.03-.31-.26-.77-.23-1.03.08-1.07,1.26-1.07,3.23,0,4.49.6.71.6,1.9,0,2.61Z\"><\/path><path class=\"cls-1\" d=\"m27.21,8.54c-.26.31-.22.76.08,1.03.14.12.3.17.47.17.21,0,.41-.09.55-.25,1.07-1.26,1.07-3.23,0-4.49-.6-.71-.6-1.9,0-2.6.26-.3.22-.76-.08-1.03-.31-.26-.77-.22-1.03.08-1.07,1.26-1.07,3.23,0,4.49.6.71.6,1.9,0,2.61Z\"><\/path><\/g><\/g><\/svg>\t\t\t<\/div>\n\t\t<\/div>\n\t\t\t\t\t\t<\/div>\n\t\t\t\t<\/div>\n\t\t\t\t\t<\/div>\n\t\t\t\t<\/div>\n\t\t<div class=\"elementor-element elementor-element-5687c752 e-flex e-con-boxed elementor-invisible e-con e-parent\" data-id=\"5687c752\" data-element_type=\"container\" data-settings=\"{&quot;animation&quot;:&quot;fadeInDown&quot;}\">\n\t\t\t\t\t<div class=\"e-con-inner\">\n\t\t\t\t<div class=\"elementor-element elementor-element-6a83529b elementor-widget elementor-widget-heading\" data-id=\"6a83529b\" data-element_type=\"widget\" data-widget_type=\"heading.default\">\n\t\t\t\t<div class=\"elementor-widget-container\">\n\t\t\t\t\t<h2 class=\"elementor-heading-title elementor-size-default\">DAY PASS<\/h2>\t\t\t\t<\/div>\n\t\t\t\t<\/div>\n\t\t\t\t\t<\/div>\n\t\t\t\t<\/div>\n\t\t<div class=\"elementor-element elementor-element-bc91ba6 e-flex e-con-boxed elementor-invisible e-con e-parent\" data-id=\"bc91ba6\" data-element_type=\"container\" data-settings=\"{&quot;animation&quot;:&quot;fadeInDown&quot;}\">\n\t\t\t\t\t<div class=\"e-con-inner\">\n\t\t\t\t<div class=\"elementor-element elementor-element-1e9ecb82 elementor-widget elementor-widget-text-editor\" data-id=\"1e9ecb82\" data-element_type=\"widget\" data-widget_type=\"text-editor.default\">\n\t\t\t\t<div class=\"elementor-widget-container\">\n\t\t\t\t\t\t\t\t\t<p style=\"text-align: center;\" data-start=\"177\" data-end=\"393\">Disfruta un d\u00eda diferente en un entorno pensado para el descanso y la desconexi\u00f3n.<br data-start=\"259\" data-end=\"262\" \/>Con nuestro <span style=\"color: #5f604a;\"><strong data-start=\"274\" data-end=\"286\">Day Pass<\/strong><\/span>, podr\u00e1s acceder a las amenidades del hotel y vivir la experiencia Entrelunas sin necesidad de hospedarte.<\/p><p style=\"text-align: center;\" data-start=\"395\" data-end=\"672\">Rel\u00e1jate en la <span style=\"color: #5f604a;\"><strong data-start=\"410\" data-end=\"421\">piscina<\/strong><\/span>, disfruta del ambiente en nuestro <span style=\"color: #5f604a;\"><strong data-start=\"456\" data-end=\"463\">bar<\/strong><\/span>, del\u00e9itate con la propuesta de nuestro <span style=\"color: #5f604a;\"><strong data-start=\"503\" data-end=\"518\">restaurante<\/strong><\/span> y reg\u00e1late un momento de bienestar en el <span style=\"color: #5f604a;\"><strong data-start=\"560\" data-end=\"567\">spa<\/strong><\/span>.<br data-start=\"568\" data-end=\"571\" \/>El plan perfecto para escapar de la rutina y disfrutar momentos especiales, al lado del IRTRA.<\/p><p style=\"text-align: center;\" data-start=\"674\" data-end=\"739\">Entre sol, calma y buena compa\u00f1\u00eda\u2026 tu d\u00eda perfecto comienza aqu\u00ed.<\/p>\t\t\t\t\t\t\t\t<\/div>\n\t\t\t\t<\/div>\n\t\t\t\t\t<\/div>\n\t\t\t\t<\/div>\n\t\t<div class=\"elementor-element elementor-element-09e4436 e-flex e-con-boxed e-con e-parent\" data-id=\"09e4436\" data-element_type=\"container\">\n\t\t\t\t\t<div class=\"e-con-inner\">\n\t\t\t\t<div class=\"elementor-element elementor-element-fd9c40f elementor-widget elementor-widget-spacer\" data-id=\"fd9c40f\" data-element_type=\"widget\" data-widget_type=\"spacer.default\">\n\t\t\t\t<div class=\"elementor-widget-container\">\n\t\t\t\t\t\t\t<div class=\"elementor-spacer\">\n\t\t\t<div class=\"elementor-spacer-inner\"><\/div>\n\t\t<\/div>\n\t\t\t\t\t\t<\/div>\n\t\t\t\t<\/div>\n\t\t\t\t\t<\/div>\n\t\t\t\t<\/div>\n\t\t<div class=\"elementor-element elementor-element-acdeeab e-flex e-con-boxed e-con e-parent\" data-id=\"acdeeab\" data-element_type=\"container\">\n\t\t\t\t\t<div class=\"e-con-inner\">\n\t\t\t\t<div class=\"elementor-element elementor-element-da611ef elementor-widget elementor-widget-heading\" data-id=\"da611ef\" data-element_type=\"widget\" data-widget_type=\"heading.default\">\n\t\t\t\t<div class=\"elementor-widget-container\">\n\t\t\t\t\t<h1 class=\"elementor-heading-title elementor-size-default\">Paquetes<\/h1>\t\t\t\t<\/div>\n\t\t\t\t<\/div>\n\t\t\t\t\t<\/div>\n\t\t\t\t<\/div>\n\t\t<div class=\"elementor-element elementor-element-f6c053c e-flex e-con-boxed e-con e-parent\" data-id=\"f6c053c\" data-element_type=\"container\">\n\t\t\t\t\t<div class=\"e-con-inner\">\n\t\t\t\t<div class=\"elementor-element elementor-element-590e6b4 elementor-widget elementor-widget-spacer\" data-id=\"590e6b4\" data-element_type=\"widget\" data-widget_type=\"spacer.default\">\n\t\t\t\t<div class=\"elementor-widget-container\">\n\t\t\t\t\t\t\t<div class=\"elementor-spacer\">\n\t\t\t<div class=\"elementor-spacer-inner\"><\/div>\n\t\t<\/div>\n\t\t\t\t\t\t<\/div>\n\t\t\t\t<\/div>\n\t\t\t\t\t<\/div>\n\t\t\t\t<\/div>\n\t\t<div class=\"elementor-element elementor-element-c5cb571 e-flex e-con-boxed e-con e-parent\" data-id=\"c5cb571\" data-element_type=\"container\">\n\t\t\t\t\t<div class=\"e-con-inner\">\n\t\t<div class=\"elementor-element elementor-element-f3c45df e-con-full e-flex e-con e-child\" data-id=\"f3c45df\" data-element_type=\"container\">\n\t\t\t\t<div class=\"elementor-element elementor-element-a93c908 elementor-widget elementor-widget-image\" data-id=\"a93c908\" data-element_type=\"widget\" data-widget_type=\"image.default\">\n\t\t\t\t<div class=\"elementor-widget-container\">\n\t\t\t\t\t\t\t\t\t\t\t\t\t\t\t<img fetchpriority=\"high\" decoding=\"async\" width=\"800\" height=\"450\" src=\"https:\/\/hotelentrelunas.com\/wp-content\/uploads\/2026\/01\/18.1-1024x576.jpg\" class=\"attachment-large size-large wp-image-4091\" alt=\"18.1\" srcset=\"https:\/\/hotelentrelunas.com\/wp-content\/uploads\/2026\/01\/18.1-1024x576.jpg 1024w, https:\/\/hotelentrelunas.com\/wp-content\/uploads\/2026\/01\/18.1-300x169.jpg 300w, https:\/\/hotelentrelunas.com\/wp-content\/uploads\/2026\/01\/18.1-768x432.jpg 768w, https:\/\/hotelentrelunas.com\/wp-content\/uploads\/2026\/01\/18.1-600x338.jpg 600w, https:\/\/hotelentrelunas.com\/wp-content\/uploads\/2026\/01\/18.1.jpg 1366w\" sizes=\"(max-width: 800px) 100vw, 800px\" title=\"Day Pass\">\t\t\t\t\t\t\t\t\t\t\t\t\t\t\t<\/div>\n\t\t\t\t<\/div>\n\t\t\t\t<div class=\"elementor-element elementor-element-bc5c890 elementor-widget elementor-widget-spacer\" data-id=\"bc5c890\" data-element_type=\"widget\" data-widget_type=\"spacer.default\">\n\t\t\t\t<div class=\"elementor-widget-container\">\n\t\t\t\t\t\t\t<div class=\"elementor-spacer\">\n\t\t\t<div class=\"elementor-spacer-inner\"><\/div>\n\t\t<\/div>\n\t\t\t\t\t\t<\/div>\n\t\t\t\t<\/div>\n\t\t\t\t<\/div>\n\t\t<div class=\"elementor-element elementor-element-5823f8d e-con-full e-flex e-con e-child\" data-id=\"5823f8d\" data-element_type=\"container\">\n\t\t\t\t<div class=\"elementor-element elementor-element-56987d2 elementor-widget elementor-widget-heading\" data-id=\"56987d2\" data-element_type=\"widget\" data-widget_type=\"heading.default\">\n\t\t\t\t<div class=\"elementor-widget-container\">\n\t\t\t\t\t<h1 class=\"elementor-heading-title elementor-size-default\">Day Pass - B\u00e1sico<\/h1>\t\t\t\t<\/div>\n\t\t\t\t<\/div>\n\t\t<div class=\"elementor-element elementor-element-b5e46e6 e-con-full e-flex e-con e-child\" data-id=\"b5e46e6\" data-element_type=\"container\">\n\t\t\t\t<div class=\"elementor-element elementor-element-8200d9b elementor-widget elementor-widget-heading\" data-id=\"8200d9b\" data-element_type=\"widget\" data-widget_type=\"heading.default\">\n\t\t\t\t<div class=\"elementor-widget-container\">\n\t\t\t\t\t<h5 class=\"elementor-heading-title elementor-size-default\">Adultos Q.150.00<br>\nNi\u00f1os (3-12 a\u00f1os) Q.100.00<\/h5>\t\t\t\t<\/div>\n\t\t\t\t<\/div>\n\t\t\t\t<\/div>\n\t\t\t\t<div class=\"elementor-element elementor-element-97b92bc elementor-widget elementor-widget-text-editor\" data-id=\"97b92bc\" data-element_type=\"widget\" data-widget_type=\"text-editor.default\">\n\t\t\t\t<div class=\"elementor-widget-container\">\n\t\t\t\t\t\t\t\t\t<p><span style=\"color: #5f604a;\"><strong>&#8211; 1 persona<\/strong><\/span><br \/>&#8211; Incluye: Ingreso a las instalaciones de hotel Entrelunas (piscina, restaurante, bar y ba\u00f1os exteriores\/vestidores), toalla para piscina. <br \/>&#8211; Precio 100% consumible en el Restaurante y bar.<\/p>\t\t\t\t\t\t\t\t<\/div>\n\t\t\t\t<\/div>\n\t\t\t\t<\/div>\n\t\t\t\t\t<\/div>\n\t\t\t\t<\/div>\n\t\t<div class=\"elementor-element elementor-element-4c80aba e-flex e-con-boxed e-con e-parent\" data-id=\"4c80aba\" data-element_type=\"container\">\n\t\t\t\t\t<div class=\"e-con-inner\">\n\t\t<div class=\"elementor-element elementor-element-0357681 e-con-full e-flex e-con e-child\" data-id=\"0357681\" data-element_type=\"container\">\n\t\t\t\t<div class=\"elementor-element elementor-element-3545a8f elementor-widget elementor-widget-text-editor\" data-id=\"3545a8f\" data-element_type=\"widget\" data-widget_type=\"text-editor.default\">\n\t\t\t\t<div class=\"elementor-widget-container\">\n\t\t\t\t\t\t\t\t\t<p><span style=\"color: #5f604a;\"><strong>Observaciones: <br \/><\/strong>*El uso del paquete debe cancelarse en Recepci\u00f3n al momento de la llegada del visitante, no es aplicable luego de haber consumido en el restaurante del hotel. <br \/>*El consumo es personal, no es transferible.<br \/>*Ni\u00f1os (menores de 12 a\u00f1os) deben estar acompa\u00f1ados de un adulto dentro de la piscina.<\/span><\/p>\t\t\t\t\t\t\t\t<\/div>\n\t\t\t\t<\/div>\n\t\t\t\t<\/div>\n\t\t\t\t\t<\/div>\n\t\t\t\t<\/div>\n\t\t<div class=\"elementor-element elementor-element-26824a8 e-flex e-con-boxed e-con e-parent\" data-id=\"26824a8\" data-element_type=\"container\">\n\t\t\t\t\t<div class=\"e-con-inner\">\n\t\t\t\t<div class=\"elementor-element elementor-element-e1041eb elementor-widget elementor-widget-spacer\" data-id=\"e1041eb\" data-element_type=\"widget\" data-widget_type=\"spacer.default\">\n\t\t\t\t<div class=\"elementor-widget-container\">\n\t\t\t\t\t\t\t<div class=\"elementor-spacer\">\n\t\t\t<div class=\"elementor-spacer-inner\"><\/div>\n\t\t<\/div>\n\t\t\t\t\t\t<\/div>\n\t\t\t\t<\/div>\n\t\t\t\t\t<\/div>\n\t\t\t\t<\/div>\n\t\t<div class=\"elementor-element elementor-element-60484a5 e-flex e-con-boxed e-con e-parent\" data-id=\"60484a5\" data-element_type=\"container\">\n\t\t\t\t\t<div class=\"e-con-inner\">\n\t\t<div class=\"elementor-element elementor-element-4ab7fc8 e-con-full e-flex e-con e-child\" data-id=\"4ab7fc8\" data-element_type=\"container\" data-settings=\"{&quot;background_background&quot;:&quot;classic&quot;}\">\n\t\t\t\t<div class=\"elementor-element elementor-element-612b688 elementor-widget elementor-widget-text-editor\" data-id=\"612b688\" data-element_type=\"widget\" data-widget_type=\"text-editor.default\">\n\t\t\t\t<div class=\"elementor-widget-container\">\n\t\t\t\t\t\t\t\t\t<p>Si deseas conocer los paquetes que incluyen el uso de las instalaciones del Spa, te invitamos a visitar la pesta\u00f1a Spa dentro de nuestra p\u00e1gina web, donde encontrar\u00e1s toda la informaci\u00f3n y opciones disponibles.<\/p>\t\t\t\t\t\t\t\t<\/div>\n\t\t\t\t<\/div>\n\t\t\t\t<\/div>\n\t\t\t\t\t<\/div>\n\t\t\t\t<\/div>\n\t\t<div class=\"elementor-element elementor-element-111415f e-flex e-con-boxed e-con e-parent\" data-id=\"111415f\" data-element_type=\"container\">\n\t\t\t\t\t<div class=\"e-con-inner\">\n\t\t\t\t<div class=\"elementor-element elementor-element-b4fd860 elementor-widget elementor-widget-spacer\" data-id=\"b4fd860\" data-element_type=\"widget\" data-widget_type=\"spacer.default\">\n\t\t\t\t<div class=\"elementor-widget-container\">\n\t\t\t\t\t\t\t<div class=\"elementor-spacer\">\n\t\t\t<div class=\"elementor-spacer-inner\"><\/div>\n\t\t<\/div>\n\t\t\t\t\t\t<\/div>\n\t\t\t\t<\/div>\n\t\t\t\t\t<\/div>\n\t\t\t\t<\/div>\n\t\t<div class=\"elementor-element elementor-element-2ef9c934 e-flex e-con-boxed e-con e-parent\" data-id=\"2ef9c934\" data-element_type=\"container\">\n\t\t\t\t\t<div class=\"e-con-inner\">\n\t\t\t\t<div class=\"elementor-element elementor-element-55df525 elementor-widget elementor-widget-heading\" data-id=\"55df525\" data-element_type=\"widget\" data-widget_type=\"heading.default\">\n\t\t\t\t<div class=\"elementor-widget-container\">\n\t\t\t\t\t<h2 class=\"elementor-heading-title elementor-size-default\">Tu d\u00eda perfecto comienza aqu\u00ed.<\/h2>\t\t\t\t<\/div>\n\t\t\t\t<\/div>\n\t\t\t\t\t<\/div>\n\t\t\t\t<\/div>\n\t\t<div class=\"elementor-element elementor-element-4e535885 e-flex e-con-boxed e-con e-parent\" data-id=\"4e535885\" data-element_type=\"container\">\n\t\t\t\t\t<div class=\"e-con-inner\">\n\t\t\t\t<div class=\"elementor-element elementor-element-2210713d elementor-arrows-position-inside elementor-pagination-position-outside elementor-invisible elementor-widget elementor-widget-image-carousel\" data-id=\"2210713d\" data-element_type=\"widget\" data-settings=\"{&quot;image_spacing_custom&quot;:{&quot;unit&quot;:&quot;px&quot;,&quot;size&quot;:15,&quot;sizes&quot;:[]},&quot;_animation&quot;:&quot;fadeInDown&quot;,&quot;navigation&quot;:&quot;both&quot;,&quot;autoplay&quot;:&quot;yes&quot;,&quot;pause_on_hover&quot;:&quot;yes&quot;,&quot;pause_on_interaction&quot;:&quot;yes&quot;,&quot;autoplay_speed&quot;:5000,&quot;infinite&quot;:&quot;yes&quot;,&quot;speed&quot;:500,&quot;image_spacing_custom_tablet&quot;:{&quot;unit&quot;:&quot;px&quot;,&quot;size&quot;:&quot;&quot;,&quot;sizes&quot;:[]},&quot;image_spacing_custom_mobile&quot;:{&quot;unit&quot;:&quot;px&quot;,&quot;size&quot;:&quot;&quot;,&quot;sizes&quot;:[]}}\" data-widget_type=\"image-carousel.default\">\n\t\t\t\t<div class=\"elementor-widget-container\">\n\t\t\t\t\t\t\t<div class=\"elementor-image-carousel-wrapper swiper\" role=\"region\" aria-roledescription=\"carousel\" aria-label=\"Carrusel de im\u00e1genes\" dir=\"ltr\">\n\t\t\t<div class=\"elementor-image-carousel swiper-wrapper\" aria-live=\"off\">\n\t\t\t\t\t\t\t\t<div class=\"swiper-slide\" role=\"group\" aria-roledescription=\"slide\" aria-label=\"1 de 6\"><figure class=\"swiper-slide-inner\"><img decoding=\"async\" class=\"swiper-slide-image\" src=\"https:\/\/hotelentrelunas.com\/wp-content\/uploads\/2026\/01\/1-2-768x433.jpg\" alt=\"1\" title=\"Day Pass\"><\/figure><\/div><div class=\"swiper-slide\" role=\"group\" aria-roledescription=\"slide\" aria-label=\"2 de 6\"><figure class=\"swiper-slide-inner\"><img decoding=\"async\" class=\"swiper-slide-image\" src=\"https:\/\/hotelentrelunas.com\/wp-content\/uploads\/2026\/01\/16.1-768x432.jpg\" alt=\"16.1\" title=\"Day Pass\"><\/figure><\/div><div class=\"swiper-slide\" role=\"group\" aria-roledescription=\"slide\" aria-label=\"3 de 6\"><figure class=\"swiper-slide-inner\"><img decoding=\"async\" class=\"swiper-slide-image\" src=\"https:\/\/hotelentrelunas.com\/wp-content\/uploads\/2026\/01\/2-3.jpg\" alt=\"2\" title=\"Day Pass\"><\/figure><\/div><div class=\"swiper-slide\" role=\"group\" aria-roledescription=\"slide\" aria-label=\"4 de 6\"><figure class=\"swiper-slide-inner\"><img decoding=\"async\" class=\"swiper-slide-image\" src=\"https:\/\/hotelentrelunas.com\/wp-content\/uploads\/2026\/01\/2-2-768x432.jpg\" alt=\"2\" title=\"Day Pass\"><\/figure><\/div><div class=\"swiper-slide\" role=\"group\" aria-roledescription=\"slide\" aria-label=\"5 de 6\"><figure class=\"swiper-slide-inner\"><img decoding=\"async\" class=\"swiper-slide-image\" src=\"https:\/\/hotelentrelunas.com\/wp-content\/uploads\/2026\/01\/3-1-768x432.jpg\" alt=\"3\" title=\"Day Pass\"><\/figure><\/div><div class=\"swiper-slide\" role=\"group\" aria-roledescription=\"slide\" aria-label=\"6 de 6\"><figure class=\"swiper-slide-inner\"><img decoding=\"async\" class=\"swiper-slide-image\" src=\"https:\/\/hotelentrelunas.com\/wp-content\/uploads\/2026\/01\/1-3.jpg\" alt=\"1\" title=\"Day Pass\"><\/figure><\/div>\t\t\t<\/div>\n\t\t\t\t\t\t\t\t\t\t\t\t<div class=\"elementor-swiper-button elementor-swiper-button-prev\" role=\"button\" tabindex=\"0\">\n\t\t\t\t\t\t<svg aria-hidden=\"true\" class=\"e-font-icon-svg e-eicon-chevron-left\" viewBox=\"0 0 1000 1000\" xmlns=\"http:\/\/www.w3.org\/2000\/svg\"><path d=\"M646 125C629 125 613 133 604 142L308 442C296 454 292 471 292 487 292 504 296 521 308 533L604 854C617 867 629 875 646 875 663 875 679 871 692 858 704 846 713 829 713 812 713 796 708 779 692 767L438 487 692 225C700 217 708 204 708 187 708 171 704 154 692 142 675 129 663 125 646 125Z\"><\/path><\/svg>\t\t\t\t\t<\/div>\n\t\t\t\t\t<div class=\"elementor-swiper-button elementor-swiper-button-next\" role=\"button\" tabindex=\"0\">\n\t\t\t\t\t\t<svg aria-hidden=\"true\" class=\"e-font-icon-svg e-eicon-chevron-right\" viewBox=\"0 0 1000 1000\" xmlns=\"http:\/\/www.w3.org\/2000\/svg\"><path d=\"M696 533C708 521 713 504 713 487 713 471 708 454 696 446L400 146C388 133 375 125 354 125 338 125 325 129 313 142 300 154 292 171 292 187 292 204 296 221 308 233L563 492 304 771C292 783 288 800 288 817 288 833 296 850 308 863 321 871 338 875 354 875 371 875 388 867 400 854L696 533Z\"><\/path><\/svg>\t\t\t\t\t<\/div>\n\t\t\t\t\n\t\t\t\t\t\t\t\t\t<div class=\"swiper-pagination\"><\/div>\n\t\t\t\t\t\t\t\t\t<\/div>\n\t\t\t\t\t\t<\/div>\n\t\t\t\t<\/div>\n\t\t\t\t\t<\/div>\n\t\t\t\t<\/div>\n\t\t\t\t<\/div>\n\t\t","protected":false},"excerpt":{"rendered":"<p>DAY PASS Disfruta un d\u00eda diferente en un entorno pensado para el descanso y la desconexi\u00f3n.Con nuestro Day Pass, podr\u00e1s acceder a las amenidades del hotel y vivir la experiencia Entrelunas sin necesidad de hospedarte. Rel\u00e1jate en la piscina, disfruta del ambiente en nuestro bar, del\u00e9itate con la propuesta de nuestro restaurante y reg\u00e1late un [&hellip;]<\/p>\n","protected":false},"author":2,"featured_media":0,"parent":0,"menu_order":0,"comment_status":"closed","ping_status":"closed","template":"","meta":{"inline_featured_image":false,"footnotes":""},"class_list":["post-3158","page","type-page","status-publish","hentry"],"_links":{"self":[{"href":"https:\/\/hotelentrelunas.com\/index.php?rest_route=\/wp\/v2\/pages\/3158","targetHints":{"allow":["GET"]}}],"collection":[{"href":"https:\/\/hotelentrelunas.com\/index.php?rest_route=\/wp\/v2\/pages"}],"about":[{"href":"https:\/\/hotelentrelunas.com\/index.php?rest_route=\/wp\/v2\/types\/page"}],"author":[{"embeddable":true,"href":"https:\/\/hotelentrelunas.com\/index.php?rest_route=\/wp\/v2\/users\/2"}],"replies":[{"embeddable":true,"href":"https:\/\/hotelentrelunas.com\/index.php?rest_route=%2Fwp%2Fv2%2Fcomments&post=3158"}],"version-history":[{"count":52,"href":"https:\/\/hotelentrelunas.com\/index.php?rest_route=\/wp\/v2\/pages\/3158\/revisions"}],"predecessor-version":[{"id":4220,"href":"https:\/\/hotelentrelunas.com\/index.php?rest_route=\/wp\/v2\/pages\/3158\/revisions\/4220"}],"wp:attachment":[{"href":"https:\/\/hotelentrelunas.com\/index.php?rest_route=%2Fwp%2Fv2%2Fmedia&parent=3158"}],"curies":[{"name":"wp","href":"https:\/\/api.w.org\/{rel}","templated":true}]}}